{"id":3608,"date":"2020-05-28T22:59:34","date_gmt":"2020-05-28T20:59:34","guid":{"rendered":"https:\/\/www.basyskom.de\/?page_id=3608"},"modified":"2024-02-08T09:50:25","modified_gmt":"2024-02-08T08:50:25","slug":"impressum","status":"publish","type":"page","link":"https:\/\/www.basyskom.de\/en\/impressum\/","title":{"rendered":"Imprint"},"content":{"rendered":"<div data-elementor-type=\"wp-page\" data-elementor-id=\"3608\" class=\"elementor elementor-3608\" data-elementor-post-type=\"page\">\n\t\t\t\t<div class=\"elementor-element elementor-element-dbe9a8c e-flex e-con-boxed wpr-particle-no wpr-jarallax-no wpr-parallax-no wpr-sticky-section-no wpr-equal-height-no e-con e-parent\" data-id=\"dbe9a8c\" data-element_type=\"container\" data-e-type=\"container\">\n\t\t\t\t\t<div class=\"e-con-inner\">\n\t\t<div class=\"elementor-element elementor-element-2f14932 e-con-full e-flex wpr-particle-no wpr-jarallax-no wpr-parallax-no wpr-sticky-section-no wpr-equal-height-no e-con e-child\" data-id=\"2f14932\" data-element_type=\"container\" data-e-type=\"container\">\n\t\t\t\t<div class=\"elementor-element elementor-element-7534c90 elementor-widget elementor-widget-text-editor\" data-id=\"7534c90\" data-element_type=\"widget\" data-e-type=\"widget\" data-widget_type=\"text-editor.default\">\n\t\t\t\t<div class=\"elementor-widget-container\">\n\t\t\t\t\t\t\t\t\t<p>basysKom GmbH<br \/>Robert-Bosch-Str. 7<br \/>64293 Darmstadt<br \/>Germany<\/p><p>T: +49 (0) 6151 870 589 0<br \/>F: +49 (0) 6151 870 589 199<br \/>Email: <a href=\"mailto:info@basyskom.com\">info@basyskom.com<\/a><br \/><a href=\"http:\/\/www.basyskom.com\" target=\"_blank\" rel=\"noopener\">www.basyskom.com<\/a><\/p><p>Registration: Court Darmstadt<br \/>Registration number: HRB 9352<br \/>VAT Identification Number: DE238913185 <br>\nUSt.-Id: DE238913185<\/p><p><strong>Executive Managers:<\/strong><br \/>Heike Ziegler, Alexander Sorg<\/p><p><strong>Trademarks:<\/strong><\/p><p>This website and all individual posts and images contained within it are protected by copyright. Any use beyond the limits of copyright law is not permitted and is punishable without the consent of the provider. This applies in particular to reproductions, translations, microfilming, and storage in electronic systems.<\/p><p>Some internet pages of basysKom also contain images that are subject to the copyright of those who provided them.<\/p><p>basysKom is a registered trademark of basysKom GmbH. The Qt Company, Qt and their respective logos are trademarks of The Qt Company Oy in Finland and\/or other countries worldwide. Linux is a trademark of Linus Torvalds.<\/p>\t\t\t\t\t\t\t\t<\/div>\n\t\t\t\t<\/div>\n\t\t\t\t<\/div>\n\t\t\t\t\t<\/div>\n\t\t\t\t<\/div>\n\t\t\t\t<\/div>","protected":false},"excerpt":{"rendered":"<p>basysKom GmbHRobert-Bosch-Str. 764293 DarmstadtDeutschland Telefon: +49 (0) 6151 870 589 0Fax: +49 (0) 6151 870 589 199Email: info@basyskom.comwww.basyskom.com Registergericht: Amtsgericht DarmstadtRegisternummer: HRB 9352USt.-Id: DE238913185 Gesch\u00e4ftsf\u00fchrende Partner:Heike Ziegler, Alexander Sorg Urheber- und Leistungsschutzrechte: Diese Website und alle in ihr enthaltenen einzelnen Beitr\u00e4ge und Abbildungen sind urheberrechtlich gesch\u00fctzt. Jede Verwertung au\u00dferhalb der Grenzen des Urheberrechtsgesetzes ist ohne Zustimmung des Anbieters unzul\u00e4ssig und strafbar. Das gilt insbesondere f\u00fcr Vervielf\u00e4ltigungen, \u00dcbersetzungen, Mikroverfilmungen und die Einspeicherung in elektronische Systeme. Einige Internet-Seiten von basyskom enthalten auch Bilder, die dem Urheberrecht derjenigen unterliegen, die diese zur Verf\u00fcgung gestellt haben. basysKom ist ein eingetragenes Markenzeichen der basysKom GmbH. The Qt Company, Qt und ihre jeweiligen Logos sind Marken von The Qt Company Oy in Finnland und\/oder anderen L\u00e4ndern weltweit. Linux ist ein Markenzeichen von Linus Torvalds.<\/p>","protected":false},"author":22,"featured_media":125,"parent":0,"menu_order":0,"comment_status":"closed","ping_status":"closed","template":"","meta":{"_acf_changed":false,"inline_featured_image":false,"footnotes":""},"categories":[],"tags":[],"class_list":["post-3608","page","type-page","status-publish","has-post-thumbnail","hentry"],"acf":[],"_links":{"self":[{"href":"https:\/\/www.basyskom.de\/en\/wp-json\/wp\/v2\/pages\/3608","targetHints":{"allow":["GET"]}}],"collection":[{"href":"https:\/\/www.basyskom.de\/en\/wp-json\/wp\/v2\/pages"}],"about":[{"href":"https:\/\/www.basyskom.de\/en\/wp-json\/wp\/v2\/types\/page"}],"author":[{"embeddable":true,"href":"https:\/\/www.basyskom.de\/en\/wp-json\/wp\/v2\/users\/22"}],"replies":[{"embeddable":true,"href":"https:\/\/www.basyskom.de\/en\/wp-json\/wp\/v2\/comments?post=3608"}],"version-history":[{"count":10,"href":"https:\/\/www.basyskom.de\/en\/wp-json\/wp\/v2\/pages\/3608\/revisions"}],"predecessor-version":[{"id":8622,"href":"https:\/\/www.basyskom.de\/en\/wp-json\/wp\/v2\/pages\/3608\/revisions\/8622"}],"wp:featuredmedia":[{"embeddable":true,"href":"https:\/\/www.basyskom.de\/en\/wp-json\/wp\/v2\/media\/125"}],"wp:attachment":[{"href":"https:\/\/www.basyskom.de\/en\/wp-json\/wp\/v2\/media?parent=3608"}],"wp:term":[{"taxonomy":"category","embeddable":true,"href":"https:\/\/www.basyskom.de\/en\/wp-json\/wp\/v2\/categories?post=3608"},{"taxonomy":"post_tag","embeddable":true,"href":"https:\/\/www.basyskom.de\/en\/wp-json\/wp\/v2\/tags?post=3608"}],"curies":[{"name":"wp","href":"https:\/\/api.w.org\/{rel}","templated":true}]}}